{"id":946,"date":"2016-05-09T10:44:57","date_gmt":"2016-05-09T13:44:57","guid":{"rendered":"http:\/\/www.reserve-tresor.fr\/en\/?page_id=946"},"modified":"2017-05-24T16:07:41","modified_gmt":"2017-05-24T19:07:41","slug":"introduction","status":"publish","type":"page","link":"https:\/\/www.reserve-tresor.fr\/en\/the-reserve\/introduction\/","title":{"rendered":"Introduction"},"content":{"rendered":"<p>Spread over nearly 2,500 hectares of the southwestern flank of the mountain of Kaw, the regional nature reserve (RNR) Tr\u00e9sor lays between a provincial road uphill and the Orapu River downhill.<\/p>\n<h1 style=\"text-align: justify;\">Geographical location and context<\/h1>\n<p>Overlooking the vast coastal marshy plain, the mountain of Kaw forms the first obstacle that ocean trade winds meet when arriving at the continent. Clouds carrying oceanic moisture form and accumulate, which causes precipitation. These particular topographical conditions make this region one of the wettest areas of French Guiana. The average rainfall at Tr\u00e9sor exceeds 4 meters of water per year.<\/p>\n<p>This peculiarity gave the Kaw-Roura-Regina region an important role as refuge area for many species during glacial periods, when the climate of the Guiana Shield was much drier and forest cover had reduced to a minimum. This role as refuge area has now resulted in high biodiversity and high endemism.<\/p>\n<p style=\"text-align: justify;\"><a href=\"http:\/\/www.reserve-tresor.fr\/wp-content\/uploads\/2014\/05\/Montagne-de-Kaw-RNR-Tresor1.jpg\"><img loading=\"lazy\" decoding=\"async\" class=\"aligncenter size-article_large wp-image-172\" src=\"http:\/\/www.reserve-tresor.fr\/wp-content\/uploads\/2014\/05\/Montagne-de-Kaw-RNR-Tresor1-649x269.jpg\" alt=\"Montagne de Kaw \u00a9 RNR Tr\u00e9sor\" width=\"649\" height=\"269\" srcset=\"https:\/\/www.reserve-tresor.fr\/wp-content\/uploads\/2014\/05\/Montagne-de-Kaw-RNR-Tresor1-649x269.jpg 649w, https:\/\/www.reserve-tresor.fr\/wp-content\/uploads\/2014\/05\/Montagne-de-Kaw-RNR-Tresor1-300x124.jpg 300w, https:\/\/www.reserve-tresor.fr\/wp-content\/uploads\/2014\/05\/Montagne-de-Kaw-RNR-Tresor1-1024x425.jpg 1024w, https:\/\/www.reserve-tresor.fr\/wp-content\/uploads\/2014\/05\/Montagne-de-Kaw-RNR-Tresor1-200x83.jpg 200w, https:\/\/www.reserve-tresor.fr\/wp-content\/uploads\/2014\/05\/Montagne-de-Kaw-RNR-Tresor1-380x158.jpg 380w\" sizes=\"auto, (max-width: 649px) 100vw, 649px\" \/><\/a><\/p>\n<h1 style=\"text-align: justify;\"><\/h1>\n<h1 style=\"text-align: justify;\">Small but diverse<\/h1>\n<p>Despite its relatively small size, especially with regard to the size of most other nature reserves in French Guiana (the nearby swampy Kaw-Roura Reserve stretches over 90,000 hectares), the Tr\u00e9sor reserve is home to an astonishing biodiversity. The combination of physical (relief), edaphic (soil type) and hydrological (water accumulation) factors has shaped the reserve into a mosaic of different environments, ranging from swamp forests on mountain slopes \u2013 through a lowland forest interspersed with moist savannah and isolated patches \u2013 to swamp forests bordering the Orapu River.<\/p>\n<p>Each of these ecological units with well-defined characteristics has its own retinue of species involved in the overall wealth of the regional nature reserve Tr\u00e9sor.<\/p>\n<div id=\"attachment_173\" style=\"width: 659px\" class=\"wp-caption aligncenter\"><a href=\"http:\/\/www.reserve-tresor.fr\/wp-content\/uploads\/2014\/05\/Carte-des-unites-ecologiques-RNR-Tresor1.jpg\"><img loading=\"lazy\" decoding=\"async\" aria-describedby=\"caption-attachment-173\" class=\"size-article_large wp-image-173\" src=\"http:\/\/www.reserve-tresor.fr\/wp-content\/uploads\/2014\/05\/Carte-des-unites-ecologiques-RNR-Tresor1-649x458.jpg\" alt=\"Carte des unit\u00e9s \u00e9cologiques \u00a9 RNR Tr\u00e9sor\" width=\"649\" height=\"458\" srcset=\"https:\/\/www.reserve-tresor.fr\/wp-content\/uploads\/2014\/05\/Carte-des-unites-ecologiques-RNR-Tresor1-649x458.jpg 649w, https:\/\/www.reserve-tresor.fr\/wp-content\/uploads\/2014\/05\/Carte-des-unites-ecologiques-RNR-Tresor1-300x212.jpg 300w, https:\/\/www.reserve-tresor.fr\/wp-content\/uploads\/2014\/05\/Carte-des-unites-ecologiques-RNR-Tresor1-1024x723.jpg 1024w, https:\/\/www.reserve-tresor.fr\/wp-content\/uploads\/2014\/05\/Carte-des-unites-ecologiques-RNR-Tresor1-200x141.jpg 200w, https:\/\/www.reserve-tresor.fr\/wp-content\/uploads\/2014\/05\/Carte-des-unites-ecologiques-RNR-Tresor1-380x268.jpg 380w, https:\/\/www.reserve-tresor.fr\/wp-content\/uploads\/2014\/05\/Carte-des-unites-ecologiques-RNR-Tresor1.jpg 1754w\" sizes=\"auto, (max-width: 649px) 100vw, 649px\" \/><\/a><\/p>\n<p id=\"caption-attachment-173\" class=\"wp-caption-text\">Map displaying ecological zones\u00a0\u00a9 RNR Tr\u00e9sor<\/p>\n<\/div>\n<h1 style=\"text-align: justify;\"><\/h1>\n<h1 style=\"text-align: justify;\">Ecosystems<\/h1>\n<h2 style=\"text-align: justify;\">High forest on drained soil<\/h2>\n<div id=\"attachment_202\" style=\"width: 210px\" class=\"wp-caption alignright\"><a href=\"http:\/\/www.reserve-tresor.fr\/wp-content\/uploads\/2014\/05\/For\u00eat-Tr\u00e9sor-G-Feuillet-.jpg\"><img loading=\"lazy\" decoding=\"async\" aria-describedby=\"caption-attachment-202\" class=\"size-article_mini wp-image-202\" src=\"http:\/\/www.reserve-tresor.fr\/wp-content\/uploads\/2014\/05\/For\u00eat-Tr\u00e9sor-G-Feuillet--200x266.jpg\" alt=\"Sous-bois forestier\" width=\"200\" height=\"266\" srcset=\"https:\/\/www.reserve-tresor.fr\/wp-content\/uploads\/2014\/05\/For\u00eat-Tr\u00e9sor-G-Feuillet--200x266.jpg 200w, https:\/\/www.reserve-tresor.fr\/wp-content\/uploads\/2014\/05\/For\u00eat-Tr\u00e9sor-G-Feuillet--225x300.jpg 225w, https:\/\/www.reserve-tresor.fr\/wp-content\/uploads\/2014\/05\/For\u00eat-Tr\u00e9sor-G-Feuillet--380x506.jpg 380w, https:\/\/www.reserve-tresor.fr\/wp-content\/uploads\/2014\/05\/For\u00eat-Tr\u00e9sor-G-Feuillet-.jpg 497w\" sizes=\"auto, (max-width: 200px) 100vw, 200px\" \/><\/a><\/p>\n<p id=\"caption-attachment-202\" class=\"wp-caption-text\">The undergrowth<\/p>\n<\/div>\n<p>Covering most of the reserve, especially the mountain part and the flat area at his feet, high forests on drained soil contain the highest amount of animal and plant species. The canopy towers to thirty meters above the ground, from where occasionally majestic trees up to 50 meters emerge. Under the forest canopy, structures of lateritic rocks are sometimes found, forming cliffs and caves. In the ravines of the foothills of the mountain, coves slowly form and gradually expand into the lower parts of the reserve.<\/p>\n<h2 style=\"text-align: justify;\">Swamp forest<\/h2>\n<p>Swamp\u00a0forests are primarily concentrated on a broad band in contact with the Orapu River. It is a forest of which the floristic composition is strongly conditioned by regular periods of flooding due to the dynamics\u00a0of the tides and the rainfall. So, these plant species have developed special strategies to survive in waterlogged soil. Some emblematic species grow in these environments such as rare <em>Anaphyllopsis americana<\/em>, the Tr\u00e9sor emblem, and\u00a0a protected mahot endemic to northeastern Guiana, <em>Lecythis pneumatophora<\/em>.<\/p>\n<div id=\"attachment_174\" style=\"width: 659px\" class=\"wp-caption aligncenter\"><a href=\"http:\/\/www.reserve-tresor.fr\/wp-content\/uploads\/2014\/05\/Riviere-Orapu-limite-inferieure-de-la-reserve-RNR-Tresor1.jpg\"><img loading=\"lazy\" decoding=\"async\" aria-describedby=\"caption-attachment-174\" class=\"size-article_large wp-image-174\" src=\"http:\/\/www.reserve-tresor.fr\/wp-content\/uploads\/2014\/05\/Riviere-Orapu-limite-inferieure-de-la-reserve-RNR-Tresor1-649x486.jpg\" alt=\"Rivi\u00e8re Orapu, limite inf\u00e9rieure de la r\u00e9serve \u00a9 RNR Tr\u00e9sor\" width=\"649\" height=\"486\" srcset=\"https:\/\/www.reserve-tresor.fr\/wp-content\/uploads\/2014\/05\/Riviere-Orapu-limite-inferieure-de-la-reserve-RNR-Tresor1-649x486.jpg 649w, https:\/\/www.reserve-tresor.fr\/wp-content\/uploads\/2014\/05\/Riviere-Orapu-limite-inferieure-de-la-reserve-RNR-Tresor1-300x225.jpg 300w, https:\/\/www.reserve-tresor.fr\/wp-content\/uploads\/2014\/05\/Riviere-Orapu-limite-inferieure-de-la-reserve-RNR-Tresor1-1024x768.jpg 1024w, https:\/\/www.reserve-tresor.fr\/wp-content\/uploads\/2014\/05\/Riviere-Orapu-limite-inferieure-de-la-reserve-RNR-Tresor1-200x150.jpg 200w, https:\/\/www.reserve-tresor.fr\/wp-content\/uploads\/2014\/05\/Riviere-Orapu-limite-inferieure-de-la-reserve-RNR-Tresor1-380x285.jpg 380w\" sizes=\"auto, (max-width: 649px) 100vw, 649px\" \/><\/a><\/p>\n<p id=\"caption-attachment-174\" class=\"wp-caption-text\">Orapu river, downhill limit of the reserve\u00a0\u00a9 RNR Tr\u00e9sor<\/p>\n<\/div>\n<h2 style=\"text-align: justify;\"><\/h2>\n<h2 style=\"text-align: justify;\">Wet savannahs<\/h2>\n<p>One of the great features of the Tr\u00e9sor reserve is the presence of a network of savannahs. These open herbaceous environments contrast sharply with the surrounding wooded area. Because of their originality, biodiversity that is strictly subservient to French Guianese savannahs is awarded a very specific focus.<\/p>\n<p>Wet savannahs are rare and extremely endangered ecosystems in French Guiana. By themselves, they house 20% of protected plant species as they cover only 2% of the territory. Subjected to extreme human pressure on almost the entire region, Tr\u00e9sor\u2019s savannahs are characterised by their good preservation and incredibly increasing the heritage value of the site.<\/p>\n<p>Despite their insular appearance, they feature not only a specific flora, but also a very specific fauna, since the surrounding forest cover isolates them. Among them are reptiles (grass anole <em>Anolis auratus<\/em> and red-footed tortoise <em>Chelonoidis carbonaria<\/em>), amphibians such as tree frogs (many-banded tree frog <em>Hypsiboas multifasciatus<\/em>, polka-dot tree frog <em>Hypsiboas punctatus <\/em>and savannah scinax <em>Scinax nebulosus<\/em>) present only in the open areas. Also note the presence of the Black Manakin (<em>Xenopipo atronitens<\/em>), since Tr\u00e9sor is the only reserve in French Guiana where it is found. For plants, one will essentially find species of small size, like carnivorous plants <em>Drosera<\/em> and <em>Utricularia<\/em>. These genera are well represented in these environments.<\/p>\n<div id=\"attachment_175\" style=\"width: 659px\" class=\"wp-caption aligncenter\"><a href=\"http:\/\/www.reserve-tresor.fr\/wp-content\/uploads\/2014\/05\/Savane-Tresor-RNR-Tresor1.jpg\"><img loading=\"lazy\" decoding=\"async\" aria-describedby=\"caption-attachment-175\" class=\"size-article_large wp-image-175\" src=\"http:\/\/www.reserve-tresor.fr\/wp-content\/uploads\/2014\/05\/Savane-Tresor-RNR-Tresor1-649x365.jpg\" alt=\"Savane Tr\u00e9sor \u00a9 RNR Tr\u00e9sor\" width=\"649\" height=\"365\" srcset=\"https:\/\/www.reserve-tresor.fr\/wp-content\/uploads\/2014\/05\/Savane-Tresor-RNR-Tresor1-649x365.jpg 649w, https:\/\/www.reserve-tresor.fr\/wp-content\/uploads\/2014\/05\/Savane-Tresor-RNR-Tresor1-300x168.jpg 300w, https:\/\/www.reserve-tresor.fr\/wp-content\/uploads\/2014\/05\/Savane-Tresor-RNR-Tresor1-1024x576.jpg 1024w, https:\/\/www.reserve-tresor.fr\/wp-content\/uploads\/2014\/05\/Savane-Tresor-RNR-Tresor1-200x112.jpg 200w, https:\/\/www.reserve-tresor.fr\/wp-content\/uploads\/2014\/05\/Savane-Tresor-RNR-Tresor1-380x213.jpg 380w\" sizes=\"auto, (max-width: 649px) 100vw, 649px\" \/><\/a><\/p>\n<p id=\"caption-attachment-175\" class=\"wp-caption-text\">Savannah of Tr\u00e9sor \u00a9 RNR Tr\u00e9sor<\/p>\n<\/div>\n<h2 style=\"text-align: justify;\"><\/h2>\n<h2 style=\"text-align: justify;\">Isolated hills<\/h2>\n<p>Small forest-covered hills\u00a0are scattered on the lower parts of the reserve and are isolated from each other by swamp forest and savannahs. Their floristic composition usually remains similar to the high forests of the Kaw Mountain and we find the same rare species as in the high mountains. This is the case for species of kwali (e.g. <em>Vochysia neyrati<\/em>) and some palms (e.g. <em>Astrocaryum rodreguiseii<\/em>).<\/p>\n<p>Based on excavations in similar areas not far from the reserve, these hills were home to Amerindian populations and later colonial houses including the exploitation of rosewood and the production of certain desirable species, such as cocoa, coffee and achiote.<\/p>\n","protected":false},"excerpt":{"rendered":"<p>Spread over nearly 2,500 hectares of the southwestern flank of the mountain of Kaw, the regional nature reserve (RNR) Tr\u00e9sor lays between a provincial road uphill and the Orapu River downhill. Geographical location and context Overlooking the vast coastal marshy plain, the mountain of Kaw forms the first obstacle that ocean trade winds meet when[\u2026]<\/p>\n","protected":false},"author":2,"featured_media":0,"parent":951,"menu_order":0,"comment_status":"open","ping_status":"closed","template":"","meta":{"_acf_changed":false,"footnotes":""},"class_list":["post-946","page","type-page","status-publish","hentry"],"acf":[],"_links":{"self":[{"href":"https:\/\/www.reserve-tresor.fr\/en\/wp-json\/wp\/v2\/pages\/946","targetHints":{"allow":["GET"]}}],"collection":[{"href":"https:\/\/www.reserve-tresor.fr\/en\/wp-json\/wp\/v2\/pages"}],"about":[{"href":"https:\/\/www.reserve-tresor.fr\/en\/wp-json\/wp\/v2\/types\/page"}],"author":[{"embeddable":true,"href":"https:\/\/www.reserve-tresor.fr\/en\/wp-json\/wp\/v2\/users\/2"}],"replies":[{"embeddable":true,"href":"https:\/\/www.reserve-tresor.fr\/en\/wp-json\/wp\/v2\/comments?post=946"}],"version-history":[{"count":0,"href":"https:\/\/www.reserve-tresor.fr\/en\/wp-json\/wp\/v2\/pages\/946\/revisions"}],"up":[{"embeddable":true,"href":"https:\/\/www.reserve-tresor.fr\/en\/wp-json\/wp\/v2\/pages\/951"}],"wp:attachment":[{"href":"https:\/\/www.reserve-tresor.fr\/en\/wp-json\/wp\/v2\/media?parent=946"}],"curies":[{"name":"wp","href":"https:\/\/api.w.org\/{rel}","templated":true}]}}