{"id":949,"date":"2016-05-09T12:20:45","date_gmt":"2016-05-09T15:20:45","guid":{"rendered":"http:\/\/www.reserve-tresor.fr\/en\/?page_id=949"},"modified":"2017-05-24T16:07:46","modified_gmt":"2017-05-24T19:07:46","slug":"partnerships","status":"publish","type":"page","link":"https:\/\/www.reserve-tresor.fr\/en\/the-reserve\/partnerships\/","title":{"rendered":"Partnerships"},"content":{"rendered":"<h1>Primary\u00a0partnerships<\/h1>\n<p>&nbsp;<\/p>\n<h2><a title=\"conseil_regional_guyane\" href=\"http:\/\/www.cr-guyane.fr\/\" target=\"_blank\">La R\u00e9gion Guyane<\/a><a href=\"http:\/\/www.cr-guyane.fr\/\"><img loading=\"lazy\" decoding=\"async\" class=\"alignright size-article_mini wp-image-267\" src=\"http:\/\/www.reserve-tresor.fr\/wp-content\/uploads\/2014\/05\/logoregion1-200x266.jpg\" alt=\"logoregion\" width=\"200\" height=\"266\" srcset=\"https:\/\/www.reserve-tresor.fr\/wp-content\/uploads\/2014\/05\/logoregion1-200x266.jpg 200w, https:\/\/www.reserve-tresor.fr\/wp-content\/uploads\/2014\/05\/logoregion1-225x300.jpg 225w, https:\/\/www.reserve-tresor.fr\/wp-content\/uploads\/2014\/05\/logoregion1-768x1024.jpg 768w, https:\/\/www.reserve-tresor.fr\/wp-content\/uploads\/2014\/05\/logoregion1-649x865.jpg 649w, https:\/\/www.reserve-tresor.fr\/wp-content\/uploads\/2014\/05\/logoregion1-380x506.jpg 380w, https:\/\/www.reserve-tresor.fr\/wp-content\/uploads\/2014\/05\/logoregion1.jpg 1276w\" sizes=\"auto, (max-width: 200px) 100vw, 200px\" \/><\/a><\/h2>\n<p>La R\u00e9gion Guyane (The Guiana Region) is the Managing Authority of RNR Tr\u00e9sor. As such, the community chairs the Management Committee.<\/p>\n<p>La R\u00e9gion finances the bulk of the reserve&#8217;s budget, namely more than\u00a080%.<\/p>\n<p>Due to its investment in\u00a0the reserve, the organisation aims to make this space a standard for nature conservation and environmental education.<\/p>\n<p>La R\u00e9gion has fused with the Conseil G\u00e9n\u00e9ral into the Collectivit\u00e9 Territoriale de Guyane (CTG) since January 2016.<\/p>\n<p>&nbsp;<\/p>\n<h2><a title=\"fondation_tresor\" href=\"http:\/\/www.tresorrainforest.org\/\" target=\"_blank\">Tr\u00e9sor Foundation<\/a><a href=\"http:\/\/www.reserve-tresor.fr\/wp-content\/uploads\/2014\/05\/Logo-fondation1.jpg\"><img loading=\"lazy\" decoding=\"async\" class=\"alignleft size-article_mini wp-image-268\" src=\"http:\/\/www.reserve-tresor.fr\/wp-content\/uploads\/2014\/05\/Logo-fondation1-200x160.jpg\" alt=\"Logo fondation\" width=\"200\" height=\"160\" srcset=\"https:\/\/www.reserve-tresor.fr\/wp-content\/uploads\/2014\/05\/Logo-fondation1-200x160.jpg 200w, https:\/\/www.reserve-tresor.fr\/wp-content\/uploads\/2014\/05\/Logo-fondation1-300x240.jpg 300w, https:\/\/www.reserve-tresor.fr\/wp-content\/uploads\/2014\/05\/Logo-fondation1-1024x820.jpg 1024w, https:\/\/www.reserve-tresor.fr\/wp-content\/uploads\/2014\/05\/Logo-fondation1-649x519.jpg 649w, https:\/\/www.reserve-tresor.fr\/wp-content\/uploads\/2014\/05\/Logo-fondation1-380x304.jpg 380w\" sizes=\"auto, (max-width: 200px) 100vw, 200px\" \/><\/a><\/h2>\n<p>The Tr\u00e9sor Foundation owned the nature reserve. Since the origin of the founding of the reserve, it partly funds the organisation on projects, through operation and\u00a0investment.<\/p>\n<p>The Association RN Tr\u00e9sor has therefore a privileged relationship with the Tr\u00e9sor Foundation. Exchanges with members happen regularly, especially with Vijko Lukkien and Pipasi Jeurissen who are very involved in the functioning and management of the reserve. Their technical support has enabled the emergence of projects such as studies on the carbon storage and botanical inventories. Since November 2015, Vijko Lukkien has been succeeded\u00a0by Rens Vaessen.<\/p>\n<p>Following the status change as a Regional Nature Reserve, the Foundation expressed its desire to withdraw gradually from the Tr\u00e9sor reserve. This started with financial withdrawal, thanks to the financial support\u00a0of La R\u00e9gion Guyane. La R\u00e9gion Guyane and the Conservatoire du littoral purchased the land of the Tr\u00e9sor reserve and became landowner of the territory on December 16, 2014.<\/p>\n<p>The magazine \u2018Tr\u00e9sor nieuws\u2019 is produced four times a year by the Foundation for its private donors. The main news and progresses are mentioned in it.<\/p>\n<p>Each year about twenty individual donors come to French Guiana and visit the reserve. It is then the opportunity to exchange and to strengthen links between the local team, the owner, donors and the CTG.<\/p>\n<p>&nbsp;<\/p>\n<h2><a href=\"http:\/\/www.conservatoire-du-littoral.fr\/\" target=\"_blank\">Conservatoire du littoral<\/a><a href=\"http:\/\/www.reserve-tresor.fr\/wp-content\/uploads\/2014\/12\/LOGO-CDL.jpg\"><img loading=\"lazy\" decoding=\"async\" class=\"alignright size-article_mini wp-image-508\" src=\"http:\/\/www.reserve-tresor.fr\/wp-content\/uploads\/2014\/12\/LOGO-CDL-200x55.jpg\" alt=\"LOGO CDL\" width=\"200\" height=\"55\" srcset=\"https:\/\/www.reserve-tresor.fr\/wp-content\/uploads\/2014\/12\/LOGO-CDL-200x55.jpg 200w, https:\/\/www.reserve-tresor.fr\/wp-content\/uploads\/2014\/12\/LOGO-CDL-300x83.jpg 300w, https:\/\/www.reserve-tresor.fr\/wp-content\/uploads\/2014\/12\/LOGO-CDL-380x105.jpg 380w, https:\/\/www.reserve-tresor.fr\/wp-content\/uploads\/2014\/12\/LOGO-CDL.jpg 521w\" sizes=\"auto, (max-width: 200px) 100vw, 200px\" \/><\/a><\/h2>\n<p>&nbsp;<\/p>\n<p>Conservatoire de l&#8217;espace littoral et des rivages lacustres (Conservatory of the coastal areas and lakeshores), or Conservatoire du littoral (coastal conservatory) in short, is partly founded by the government and is the owner of the territory of the reserve.<\/p>\n<p>Its goal is to acquire one third of the French coastline so there cannot be built upon and cannot be artificialised. It may acquire land situated on the coast, but also in the public maritime domain, the wetlands of the coastal departments, estuaries, the public waterways or lakes.<\/p>\n<p>&nbsp;<\/p>\n<p>&nbsp;<\/p>\n<p>&nbsp;<\/p>\n<h1>And also<\/h1>\n<p>&nbsp;<\/p>\n<table>\n<tbody>\n<tr>\n<td><a href=\"http:\/\/www.guyane.developpement-durable.gouv.fr\/\"><img loading=\"lazy\" decoding=\"async\" class=\"aligncenter wp-image-249 \" src=\"http:\/\/www.reserve-tresor.fr\/wp-content\/uploads\/2014\/05\/BlocMarqDreal-guyane_HD-200x254.jpg\" alt=\"DEAL Guyane\" width=\"119\" height=\"151\" srcset=\"https:\/\/www.reserve-tresor.fr\/wp-content\/uploads\/2014\/05\/BlocMarqDreal-guyane_HD-200x254.jpg 200w, https:\/\/www.reserve-tresor.fr\/wp-content\/uploads\/2014\/05\/BlocMarqDreal-guyane_HD-235x300.jpg 235w, https:\/\/www.reserve-tresor.fr\/wp-content\/uploads\/2014\/05\/BlocMarqDreal-guyane_HD-380x484.jpg 380w, https:\/\/www.reserve-tresor.fr\/wp-content\/uploads\/2014\/05\/BlocMarqDreal-guyane_HD.jpg 503w\" sizes=\"auto, (max-width: 119px) 100vw, 119px\" \/><\/a><\/td>\n<td><a href=\"http:\/\/www.gepog.org\/\"><img loading=\"lazy\" decoding=\"async\" class=\"aligncenter wp-image-250 \" src=\"http:\/\/www.reserve-tresor.fr\/wp-content\/uploads\/2014\/05\/logo-GEPOG-1-200x307.jpg\" alt=\"GEPOG\" width=\"119\" height=\"183\" srcset=\"https:\/\/www.reserve-tresor.fr\/wp-content\/uploads\/2014\/05\/logo-GEPOG-1-200x307.jpg 200w, https:\/\/www.reserve-tresor.fr\/wp-content\/uploads\/2014\/05\/logo-GEPOG-1-195x300.jpg 195w, https:\/\/www.reserve-tresor.fr\/wp-content\/uploads\/2014\/05\/logo-GEPOG-1-666x1024.jpg 666w, https:\/\/www.reserve-tresor.fr\/wp-content\/uploads\/2014\/05\/logo-GEPOG-1-649x996.jpg 649w, https:\/\/www.reserve-tresor.fr\/wp-content\/uploads\/2014\/05\/logo-GEPOG-1-380x583.jpg 380w, https:\/\/www.reserve-tresor.fr\/wp-content\/uploads\/2014\/05\/logo-GEPOG-1.jpg 1761w\" sizes=\"auto, (max-width: 119px) 100vw, 119px\" \/><\/a><\/td>\n<\/tr>\n<tr>\n<td><a href=\"http:\/\/graineguyane.org\/\"><img loading=\"lazy\" decoding=\"async\" class=\"aligncenter wp-image-251 \" src=\"http:\/\/www.reserve-tresor.fr\/wp-content\/uploads\/2014\/05\/logo-graine-circulaire-200x197.jpg\" alt=\"GRAINE Guyane\" width=\"152\" height=\"150\" srcset=\"https:\/\/www.reserve-tresor.fr\/wp-content\/uploads\/2014\/05\/logo-graine-circulaire-200x197.jpg 200w, https:\/\/www.reserve-tresor.fr\/wp-content\/uploads\/2014\/05\/logo-graine-circulaire-300x296.jpg 300w, https:\/\/www.reserve-tresor.fr\/wp-content\/uploads\/2014\/05\/logo-graine-circulaire-1024x1012.jpg 1024w, https:\/\/www.reserve-tresor.fr\/wp-content\/uploads\/2014\/05\/logo-graine-circulaire-649x641.jpg 649w, https:\/\/www.reserve-tresor.fr\/wp-content\/uploads\/2014\/05\/logo-graine-circulaire-380x375.jpg 380w\" sizes=\"auto, (max-width: 152px) 100vw, 152px\" \/><\/a><\/td>\n<td><a href=\"http:\/\/www.onf.fr\/guyane\/@@index.html\"><img loading=\"lazy\" decoding=\"async\" class=\"aligncenter wp-image-259 \" src=\"http:\/\/www.reserve-tresor.fr\/wp-content\/uploads\/2014\/05\/LOGO-ONF-Quadri-big-200x75.jpg\" alt=\"ONF\" width=\"147\" height=\"55\" srcset=\"https:\/\/www.reserve-tresor.fr\/wp-content\/uploads\/2014\/05\/LOGO-ONF-Quadri-big-200x75.jpg 200w, https:\/\/www.reserve-tresor.fr\/wp-content\/uploads\/2014\/05\/LOGO-ONF-Quadri-big-300x112.jpg 300w, https:\/\/www.reserve-tresor.fr\/wp-content\/uploads\/2014\/05\/LOGO-ONF-Quadri-big-1024x384.jpg 1024w, https:\/\/www.reserve-tresor.fr\/wp-content\/uploads\/2014\/05\/LOGO-ONF-Quadri-big-649x243.jpg 649w, https:\/\/www.reserve-tresor.fr\/wp-content\/uploads\/2014\/05\/LOGO-ONF-Quadri-big-380x142.jpg 380w\" sizes=\"auto, (max-width: 147px) 100vw, 147px\" \/><\/a><\/td>\n<\/tr>\n<tr>\n<td><a href=\"http:\/\/www.kwata.net\/\"><img loading=\"lazy\" decoding=\"async\" class=\"aligncenter wp-image-258 \" src=\"http:\/\/www.reserve-tresor.fr\/wp-content\/uploads\/2014\/05\/LogoKwata-200x284.jpg\" alt=\"KWATA\" width=\"119\" height=\"171\" \/><\/a><\/td>\n<td><a href=\"http:\/\/www.sepanguy.fr\/\"><img loading=\"lazy\" decoding=\"async\" class=\"aligncenter wp-image-256 \" src=\"http:\/\/www.reserve-tresor.fr\/wp-content\/uploads\/2014\/05\/Logo_SEPANGUY-200x166.jpg\" alt=\"SEPANGUY\" width=\"128\" height=\"106\" srcset=\"https:\/\/www.reserve-tresor.fr\/wp-content\/uploads\/2014\/05\/Logo_SEPANGUY-200x166.jpg 200w, https:\/\/www.reserve-tresor.fr\/wp-content\/uploads\/2014\/05\/Logo_SEPANGUY-300x249.jpg 300w, https:\/\/www.reserve-tresor.fr\/wp-content\/uploads\/2014\/05\/Logo_SEPANGUY-380x315.jpg 380w, https:\/\/www.reserve-tresor.fr\/wp-content\/uploads\/2014\/05\/Logo_SEPANGUY.jpg 607w\" sizes=\"auto, (max-width: 128px) 100vw, 128px\" \/><\/a><\/td>\n<\/tr>\n<tr>\n<td><a href=\"http:\/\/www.reserves-naturelles.org\/\"><img loading=\"lazy\" decoding=\"async\" class=\"aligncenter wp-image-255 \" src=\"http:\/\/www.reserve-tresor.fr\/wp-content\/uploads\/2014\/05\/Logo_RNF-200x201.jpg\" alt=\"RNF\" width=\"156\" height=\"157\" srcset=\"https:\/\/www.reserve-tresor.fr\/wp-content\/uploads\/2014\/05\/Logo_RNF-200x201.jpg 200w, https:\/\/www.reserve-tresor.fr\/wp-content\/uploads\/2014\/05\/Logo_RNF-150x150.jpg 150w, https:\/\/www.reserve-tresor.fr\/wp-content\/uploads\/2014\/05\/Logo_RNF-297x300.jpg 297w, https:\/\/www.reserve-tresor.fr\/wp-content\/uploads\/2014\/05\/Logo_RNF-380x383.jpg 380w, https:\/\/www.reserve-tresor.fr\/wp-content\/uploads\/2014\/05\/Logo_RNF.jpg 440w\" sizes=\"auto, (max-width: 156px) 100vw, 156px\" \/><\/a><\/td>\n<td><a href=\"http:\/\/www.tourisme-guyane.com\/\"><img loading=\"lazy\" decoding=\"async\" class=\"aligncenter wp-image-257 \" src=\"http:\/\/www.reserve-tresor.fr\/wp-content\/uploads\/2014\/05\/logoComit\u00e9Tourisme-200x137.jpg\" alt=\"Comit\u00e9 du tourisme guyanais\" width=\"147\" height=\"101\" srcset=\"https:\/\/www.reserve-tresor.fr\/wp-content\/uploads\/2014\/05\/logoComit\u00e9Tourisme-200x137.jpg 200w, https:\/\/www.reserve-tresor.fr\/wp-content\/uploads\/2014\/05\/logoComit\u00e9Tourisme-300x206.jpg 300w, https:\/\/www.reserve-tresor.fr\/wp-content\/uploads\/2014\/05\/logoComit\u00e9Tourisme-1024x703.jpg 1024w, https:\/\/www.reserve-tresor.fr\/wp-content\/uploads\/2014\/05\/logoComit\u00e9Tourisme-649x446.jpg 649w, https:\/\/www.reserve-tresor.fr\/wp-content\/uploads\/2014\/05\/logoComit\u00e9Tourisme-380x261.jpg 380w\" sizes=\"auto, (max-width: 147px) 100vw, 147px\" \/><\/a><\/td>\n<\/tr>\n<tr>\n<td><a href=\"http:\/\/pnrguyane.free.fr\/\"><img loading=\"lazy\" decoding=\"async\" class=\"aligncenter wp-image-254 \" src=\"http:\/\/www.reserve-tresor.fr\/wp-content\/uploads\/2014\/05\/logo_PNRG-200x266.jpg\" alt=\"PNRG\" width=\"133\" height=\"176\" srcset=\"https:\/\/www.reserve-tresor.fr\/wp-content\/uploads\/2014\/05\/logo_PNRG-200x266.jpg 200w, https:\/\/www.reserve-tresor.fr\/wp-content\/uploads\/2014\/05\/logo_PNRG-225x300.jpg 225w, https:\/\/www.reserve-tresor.fr\/wp-content\/uploads\/2014\/05\/logo_PNRG.jpg 354w\" sizes=\"auto, (max-width: 133px) 100vw, 133px\" \/><\/a><\/td>\n<td><a href=\"http:\/\/www.fondation-nicolas-hulot.org\/\"><img loading=\"lazy\" decoding=\"async\" class=\"aligncenter wp-image-253 \" src=\"http:\/\/www.reserve-tresor.fr\/wp-content\/uploads\/2014\/05\/LOGO_FNH_OK-640x547-200x170.jpg\" alt=\"FNH\" width=\"144\" height=\"122\" srcset=\"https:\/\/www.reserve-tresor.fr\/wp-content\/uploads\/2014\/05\/LOGO_FNH_OK-640x547-200x170.jpg 200w, https:\/\/www.reserve-tresor.fr\/wp-content\/uploads\/2014\/05\/LOGO_FNH_OK-640x547-300x256.jpg 300w, https:\/\/www.reserve-tresor.fr\/wp-content\/uploads\/2014\/05\/LOGO_FNH_OK-640x547-380x324.jpg 380w, https:\/\/www.reserve-tresor.fr\/wp-content\/uploads\/2014\/05\/LOGO_FNH_OK-640x547.jpg 640w\" sizes=\"auto, (max-width: 144px) 100vw, 144px\" \/><\/a><\/td>\n<\/tr>\n<tr>\n<td><a href=\"http:\/\/www.fondation-natureetdecouvertes.com\/\"><img loading=\"lazy\" decoding=\"async\" class=\"aligncenter wp-image-252 size-article_mini\" src=\"http:\/\/www.reserve-tresor.fr\/wp-content\/uploads\/2014\/05\/FND-200x109.jpg\" alt=\"FND\" width=\"200\" height=\"109\" srcset=\"https:\/\/www.reserve-tresor.fr\/wp-content\/uploads\/2014\/05\/FND-200x109.jpg 200w, https:\/\/www.reserve-tresor.fr\/wp-content\/uploads\/2014\/05\/FND-300x163.jpg 300w, https:\/\/www.reserve-tresor.fr\/wp-content\/uploads\/2014\/05\/FND-1024x558.jpg 1024w, https:\/\/www.reserve-tresor.fr\/wp-content\/uploads\/2014\/05\/FND-649x353.jpg 649w, https:\/\/www.reserve-tresor.fr\/wp-content\/uploads\/2014\/05\/FND-380x207.jpg 380w, https:\/\/www.reserve-tresor.fr\/wp-content\/uploads\/2014\/05\/FND.jpg 1040w\" sizes=\"auto, (max-width: 200px) 100vw, 200px\" \/><\/a><\/td>\n<td>\u00a0<a href=\"http:\/\/guyane.wwf.fr\/\"><img loading=\"lazy\" decoding=\"async\" class=\"aligncenter  wp-image-260\" src=\"http:\/\/www.reserve-tresor.fr\/wp-content\/uploads\/2014\/05\/WWF-logo-200x198.jpg\" alt=\"WWF\" width=\"126\" height=\"125\" srcset=\"https:\/\/www.reserve-tresor.fr\/wp-content\/uploads\/2014\/05\/WWF-logo-200x198.jpg 200w, https:\/\/www.reserve-tresor.fr\/wp-content\/uploads\/2014\/05\/WWF-logo-150x150.jpg 150w, https:\/\/www.reserve-tresor.fr\/wp-content\/uploads\/2014\/05\/WWF-logo-300x298.jpg 300w, https:\/\/www.reserve-tresor.fr\/wp-content\/uploads\/2014\/05\/WWF-logo-1024x1018.jpg 1024w, https:\/\/www.reserve-tresor.fr\/wp-content\/uploads\/2014\/05\/WWF-logo-649x645.jpg 649w, https:\/\/www.reserve-tresor.fr\/wp-content\/uploads\/2014\/05\/WWF-logo-380x377.jpg 380w, https:\/\/www.reserve-tresor.fr\/wp-content\/uploads\/2014\/05\/WWF-logo.jpg 1032w\" sizes=\"auto, (max-width: 126px) 100vw, 126px\" \/><\/a><\/td>\n<\/tr>\n<tr>\n<td><a href=\"http:\/\/cen-guyane.fr\/\"><img loading=\"lazy\" decoding=\"async\" class=\"size-article_mini wp-image-269 aligncenter\" src=\"http:\/\/www.reserve-tresor.fr\/wp-content\/uploads\/2014\/05\/Logo-Pr\u00e9figuration-Cen-Guyane-200x78.jpg\" alt=\"Logo Pr\u00e9figuration Cen Guyane\" width=\"200\" height=\"78\" srcset=\"https:\/\/www.reserve-tresor.fr\/wp-content\/uploads\/2014\/05\/Logo-Pr\u00e9figuration-Cen-Guyane-200x78.jpg 200w, https:\/\/www.reserve-tresor.fr\/wp-content\/uploads\/2014\/05\/Logo-Pr\u00e9figuration-Cen-Guyane-300x117.jpg 300w, https:\/\/www.reserve-tresor.fr\/wp-content\/uploads\/2014\/05\/Logo-Pr\u00e9figuration-Cen-Guyane-649x254.jpg 649w, https:\/\/www.reserve-tresor.fr\/wp-content\/uploads\/2014\/05\/Logo-Pr\u00e9figuration-Cen-Guyane-380x149.jpg 380w, https:\/\/www.reserve-tresor.fr\/wp-content\/uploads\/2014\/05\/Logo-Pr\u00e9figuration-Cen-Guyane.jpg 650w\" sizes=\"auto, (max-width: 200px) 100vw, 200px\" \/><\/a><\/td>\n<td><\/td>\n<\/tr>\n<\/tbody>\n<\/table>\n<p>&nbsp;<\/p>\n","protected":false},"excerpt":{"rendered":"<p>Primary\u00a0partnerships &nbsp; La R\u00e9gion Guyane La R\u00e9gion Guyane (The Guiana Region) is the Managing Authority of RNR Tr\u00e9sor. As such, the community chairs the Management Committee. La R\u00e9gion finances the bulk of the reserve&#8217;s budget, namely more than\u00a080%. Due to its investment in\u00a0the reserve, the organisation aims to make this space a standard for nature[\u2026]<\/p>\n","protected":false},"author":2,"featured_media":0,"parent":951,"menu_order":0,"comment_status":"open","ping_status":"closed","template":"","meta":{"_acf_changed":false,"footnotes":""},"class_list":["post-949","page","type-page","status-publish","hentry"],"acf":[],"_links":{"self":[{"href":"https:\/\/www.reserve-tresor.fr\/en\/wp-json\/wp\/v2\/pages\/949","targetHints":{"allow":["GET"]}}],"collection":[{"href":"https:\/\/www.reserve-tresor.fr\/en\/wp-json\/wp\/v2\/pages"}],"about":[{"href":"https:\/\/www.reserve-tresor.fr\/en\/wp-json\/wp\/v2\/types\/page"}],"author":[{"embeddable":true,"href":"https:\/\/www.reserve-tresor.fr\/en\/wp-json\/wp\/v2\/users\/2"}],"replies":[{"embeddable":true,"href":"https:\/\/www.reserve-tresor.fr\/en\/wp-json\/wp\/v2\/comments?post=949"}],"version-history":[{"count":0,"href":"https:\/\/www.reserve-tresor.fr\/en\/wp-json\/wp\/v2\/pages\/949\/revisions"}],"up":[{"embeddable":true,"href":"https:\/\/www.reserve-tresor.fr\/en\/wp-json\/wp\/v2\/pages\/951"}],"wp:attachment":[{"href":"https:\/\/www.reserve-tresor.fr\/en\/wp-json\/wp\/v2\/media?parent=949"}],"curies":[{"name":"wp","href":"https:\/\/api.w.org\/{rel}","templated":true}]}}