{"id":984,"date":"2016-05-10T10:56:53","date_gmt":"2016-05-10T13:56:53","guid":{"rendered":"http:\/\/www.reserve-tresor.fr\/nl\/?page_id=984"},"modified":"2018-03-04T17:22:57","modified_gmt":"2018-03-04T20:22:57","slug":"partners","status":"publish","type":"page","link":"https:\/\/www.reserve-tresor.fr\/nl\/het-reservaat\/partners\/","title":{"rendered":"Partners"},"content":{"rendered":"<h1>Primaire partners<\/h1>\n<p>&nbsp;<\/p>\n<h2><a title=\"conseil_regional_guyane\" href=\"http:\/\/www.cr-guyane.fr\/\" target=\"_blank\">La R\u00e9gion Guyane<\/a><a href=\"http:\/\/www.cr-guyane.fr\/\"><img loading=\"lazy\" decoding=\"async\" class=\"alignright size-article_mini wp-image-267\" src=\"http:\/\/www.reserve-tresor.fr\/wp-content\/uploads\/2014\/05\/logoregion1-200x266.jpg\" alt=\"logoregion\" width=\"200\" height=\"266\" srcset=\"https:\/\/www.reserve-tresor.fr\/wp-content\/uploads\/2014\/05\/logoregion1-200x266.jpg 200w, https:\/\/www.reserve-tresor.fr\/wp-content\/uploads\/2014\/05\/logoregion1-225x300.jpg 225w, https:\/\/www.reserve-tresor.fr\/wp-content\/uploads\/2014\/05\/logoregion1-768x1024.jpg 768w, https:\/\/www.reserve-tresor.fr\/wp-content\/uploads\/2014\/05\/logoregion1-649x865.jpg 649w, https:\/\/www.reserve-tresor.fr\/wp-content\/uploads\/2014\/05\/logoregion1-380x506.jpg 380w, https:\/\/www.reserve-tresor.fr\/wp-content\/uploads\/2014\/05\/logoregion1.jpg 1276w\" sizes=\"auto, (max-width: 200px) 100vw, 200px\" \/><\/a><\/h2>\n<p>La R\u00e9gion Guyane (de Guyana Regio, of\u00a0Conseil R\u00e9gional) is de leidinggevende autoriteit van het regionale natuurreservaat Tr\u00e9sor. Zo zit La R\u00e9gion de Managementcommissie voor.<\/p>\n<p>La R\u00e9gion financiert het grootste deel van het reservaat, namelijk meer dan tachtig procent. De organisatie investeert erg veel in Tr\u00e9sor, omdat ze Tr\u00e9sor als voorbeeld ziet voor natuurconservatie en milieueducatie.<\/p>\n<p>&nbsp;<\/p>\n<p>&nbsp;<\/p>\n<p>&nbsp;<\/p>\n<p>&nbsp;<\/p>\n<p>&nbsp;<\/p>\n<h2><a title=\"fondation_tresor\" href=\"http:\/\/www.tresorrainforest.org\/\" target=\"_blank\">Stichting\u00a0Tr\u00e9sor<\/a><a href=\"http:\/\/www.reserve-tresor.fr\/wp-content\/uploads\/2014\/05\/Logo-fondation1.jpg\"><img loading=\"lazy\" decoding=\"async\" class=\"alignleft size-article_mini wp-image-268\" src=\"http:\/\/www.reserve-tresor.fr\/wp-content\/uploads\/2014\/05\/Logo-fondation1-200x160.jpg\" alt=\"Logo fondation\" width=\"200\" height=\"160\" srcset=\"https:\/\/www.reserve-tresor.fr\/wp-content\/uploads\/2014\/05\/Logo-fondation1-200x160.jpg 200w, https:\/\/www.reserve-tresor.fr\/wp-content\/uploads\/2014\/05\/Logo-fondation1-300x240.jpg 300w, https:\/\/www.reserve-tresor.fr\/wp-content\/uploads\/2014\/05\/Logo-fondation1-1024x820.jpg 1024w, https:\/\/www.reserve-tresor.fr\/wp-content\/uploads\/2014\/05\/Logo-fondation1-649x519.jpg 649w, https:\/\/www.reserve-tresor.fr\/wp-content\/uploads\/2014\/05\/Logo-fondation1-380x304.jpg 380w\" sizes=\"auto, (max-width: 200px) 100vw, 200px\" \/><\/a><\/h2>\n<p>Stichting Tr\u00e9sor was eigenaar van het gebied van het reservaat. De Stichting heeft van begin af aan projecten gefinancierd en geholpen met het opzetten van Association RN Tr\u00e9sor in 1999. Tegenwoordig steunen de Association nog steeds, door investeringen zowel in geld als in operatie.<\/p>\n<p>Association RN Tr\u00e9sor heeft daarom een buitengewoon intieme band met Stichting Tr\u00e9sor. Er vinden zeer regelmatig uitwisselingen plaats van informatie en medewerkers. Vooral Vijko Lukkien en Pipasi Jeurissen hebben zich jarenlang vol passie ingezet voor Tr\u00e9sor. Hun steun heeft veel projecten mogelijk gemaakt, zoals onderzoek naar koolstofopslag en botanische inventarisaties. Tegenwoordig heeft Rens Vaessen het stokje overgenomen van Vijko Lukkien.<\/p>\n<p>Sinds de statuswijziging naar Regionaal Natuurreservaat, heeft Stichting Tr\u00e9sor de wens geuit zich geleidelijk terug te trekken van het Tr\u00e9sorreservaat. Dit begon op financieel vlak, met dank aan La R\u00e9gion. Op 16 december 2014 kochten La R\u00e9gion en Conservatoire du littoral het gebied van Stichting Tr\u00e9sor. Zij zijn sindsdien landeigenaar van het gebied.<\/p>\n<p>Stichting Tr\u00e9sor publiceerde ieder kwartaal Tr\u00e9sor Nieuws, een informatief blad over het reilen en zeilen van de Stichting en de Association. Sinds 2016 komt dit blad eens per jaar uit en verschijnt er ieder kwartaal een nieuwsbrief.<\/p>\n<p>Ieder jaar komen ongeveer twintig donateurs naar Frans-Guyana. De reis wordt mede georganiseerd met de KNNV en het bezoeken van het Tr\u00e9sorreservaat staat uiteraard centraal.<\/p>\n<h2><a href=\"http:\/\/www.conservatoire-du-littoral.fr\/\" target=\"_blank\">Conservatoire du littoral<\/a><a href=\"http:\/\/www.reserve-tresor.fr\/wp-content\/uploads\/2014\/12\/LOGO-CDL.jpg\"><img loading=\"lazy\" decoding=\"async\" class=\"alignright size-article_mini wp-image-508\" src=\"http:\/\/www.reserve-tresor.fr\/wp-content\/uploads\/2014\/12\/LOGO-CDL-200x55.jpg\" alt=\"LOGO CDL\" width=\"200\" height=\"55\" srcset=\"https:\/\/www.reserve-tresor.fr\/wp-content\/uploads\/2014\/12\/LOGO-CDL-200x55.jpg 200w, https:\/\/www.reserve-tresor.fr\/wp-content\/uploads\/2014\/12\/LOGO-CDL-300x83.jpg 300w, https:\/\/www.reserve-tresor.fr\/wp-content\/uploads\/2014\/12\/LOGO-CDL-380x105.jpg 380w, https:\/\/www.reserve-tresor.fr\/wp-content\/uploads\/2014\/12\/LOGO-CDL.jpg 521w\" sizes=\"auto, (max-width: 200px) 100vw, 200px\" \/><\/a><\/h2>\n<p>&nbsp;<\/p>\n<p>Letterlijk vertaald, luidt de volledige naam: conservatorium van kustgebieden en oevers (Conservatoire de l&#8217;espace littoral et des rivages lacustres). Het Conservatoire du littoral is deels opgericht door de overheid en is eigenaar van het gebied van het reservaat.<\/p>\n<p>Het Conservatoire du littoral is een organisatie die is opgezet door de Franse staat en ze heeft als doel opgelegd gekregen een derde van de Franse kusten en oevers veilig te stellen van bebouwing. Ze beheren gebieden aan de kust, evenals langs kanalen, meren en rivieren.<\/p>\n<p>&nbsp;<\/p>\n<p>&nbsp;<\/p>\n<p>&nbsp;<\/p>\n<h1>En ook<\/h1>\n<p>&nbsp;<\/p>\n<table>\n<tbody>\n<tr>\n<td><a href=\"http:\/\/www.guyane.developpement-durable.gouv.fr\/\"><img loading=\"lazy\" decoding=\"async\" class=\"aligncenter wp-image-249 \" src=\"http:\/\/www.reserve-tresor.fr\/wp-content\/uploads\/2014\/05\/BlocMarqDreal-guyane_HD-200x254.jpg\" alt=\"DEAL Guyane\" width=\"119\" height=\"151\" srcset=\"https:\/\/www.reserve-tresor.fr\/wp-content\/uploads\/2014\/05\/BlocMarqDreal-guyane_HD-200x254.jpg 200w, https:\/\/www.reserve-tresor.fr\/wp-content\/uploads\/2014\/05\/BlocMarqDreal-guyane_HD-235x300.jpg 235w, https:\/\/www.reserve-tresor.fr\/wp-content\/uploads\/2014\/05\/BlocMarqDreal-guyane_HD-380x484.jpg 380w, https:\/\/www.reserve-tresor.fr\/wp-content\/uploads\/2014\/05\/BlocMarqDreal-guyane_HD.jpg 503w\" sizes=\"auto, (max-width: 119px) 100vw, 119px\" \/><\/a><\/td>\n<td><a href=\"http:\/\/www.gepog.org\/\"><img loading=\"lazy\" decoding=\"async\" class=\"aligncenter wp-image-250 \" src=\"http:\/\/www.reserve-tresor.fr\/wp-content\/uploads\/2014\/05\/logo-GEPOG-1-200x307.jpg\" alt=\"GEPOG\" width=\"119\" height=\"183\" srcset=\"https:\/\/www.reserve-tresor.fr\/wp-content\/uploads\/2014\/05\/logo-GEPOG-1-200x307.jpg 200w, https:\/\/www.reserve-tresor.fr\/wp-content\/uploads\/2014\/05\/logo-GEPOG-1-195x300.jpg 195w, https:\/\/www.reserve-tresor.fr\/wp-content\/uploads\/2014\/05\/logo-GEPOG-1-666x1024.jpg 666w, https:\/\/www.reserve-tresor.fr\/wp-content\/uploads\/2014\/05\/logo-GEPOG-1-649x996.jpg 649w, https:\/\/www.reserve-tresor.fr\/wp-content\/uploads\/2014\/05\/logo-GEPOG-1-380x583.jpg 380w, https:\/\/www.reserve-tresor.fr\/wp-content\/uploads\/2014\/05\/logo-GEPOG-1.jpg 1761w\" sizes=\"auto, (max-width: 119px) 100vw, 119px\" \/><\/a><\/td>\n<\/tr>\n<tr>\n<td><a href=\"http:\/\/graineguyane.org\/\"><img loading=\"lazy\" decoding=\"async\" class=\"aligncenter wp-image-251 \" src=\"http:\/\/www.reserve-tresor.fr\/wp-content\/uploads\/2014\/05\/logo-graine-circulaire-200x197.jpg\" alt=\"GRAINE Guyane\" width=\"152\" height=\"150\" srcset=\"https:\/\/www.reserve-tresor.fr\/wp-content\/uploads\/2014\/05\/logo-graine-circulaire-200x197.jpg 200w, https:\/\/www.reserve-tresor.fr\/wp-content\/uploads\/2014\/05\/logo-graine-circulaire-300x296.jpg 300w, https:\/\/www.reserve-tresor.fr\/wp-content\/uploads\/2014\/05\/logo-graine-circulaire-1024x1012.jpg 1024w, https:\/\/www.reserve-tresor.fr\/wp-content\/uploads\/2014\/05\/logo-graine-circulaire-649x641.jpg 649w, https:\/\/www.reserve-tresor.fr\/wp-content\/uploads\/2014\/05\/logo-graine-circulaire-380x375.jpg 380w\" sizes=\"auto, (max-width: 152px) 100vw, 152px\" \/><\/a><\/td>\n<td><a href=\"http:\/\/www.onf.fr\/guyane\/@@index.html\"><img loading=\"lazy\" decoding=\"async\" class=\"aligncenter wp-image-259 \" src=\"http:\/\/www.reserve-tresor.fr\/wp-content\/uploads\/2014\/05\/LOGO-ONF-Quadri-big-200x75.jpg\" alt=\"ONF\" width=\"147\" height=\"55\" srcset=\"https:\/\/www.reserve-tresor.fr\/wp-content\/uploads\/2014\/05\/LOGO-ONF-Quadri-big-200x75.jpg 200w, https:\/\/www.reserve-tresor.fr\/wp-content\/uploads\/2014\/05\/LOGO-ONF-Quadri-big-300x112.jpg 300w, https:\/\/www.reserve-tresor.fr\/wp-content\/uploads\/2014\/05\/LOGO-ONF-Quadri-big-1024x384.jpg 1024w, https:\/\/www.reserve-tresor.fr\/wp-content\/uploads\/2014\/05\/LOGO-ONF-Quadri-big-649x243.jpg 649w, https:\/\/www.reserve-tresor.fr\/wp-content\/uploads\/2014\/05\/LOGO-ONF-Quadri-big-380x142.jpg 380w\" sizes=\"auto, (max-width: 147px) 100vw, 147px\" \/><\/a><\/td>\n<\/tr>\n<tr>\n<td><a href=\"http:\/\/www.kwata.net\/\"><img loading=\"lazy\" decoding=\"async\" class=\"aligncenter wp-image-258 \" src=\"http:\/\/www.reserve-tresor.fr\/wp-content\/uploads\/2014\/05\/LogoKwata-200x284.jpg\" alt=\"KWATA\" width=\"119\" height=\"171\" \/><\/a><\/td>\n<td><a href=\"http:\/\/www.sepanguy.fr\/\"><img loading=\"lazy\" decoding=\"async\" class=\"aligncenter wp-image-256 \" src=\"http:\/\/www.reserve-tresor.fr\/wp-content\/uploads\/2014\/05\/Logo_SEPANGUY-200x166.jpg\" alt=\"SEPANGUY\" width=\"128\" height=\"106\" srcset=\"https:\/\/www.reserve-tresor.fr\/wp-content\/uploads\/2014\/05\/Logo_SEPANGUY-200x166.jpg 200w, https:\/\/www.reserve-tresor.fr\/wp-content\/uploads\/2014\/05\/Logo_SEPANGUY-300x249.jpg 300w, https:\/\/www.reserve-tresor.fr\/wp-content\/uploads\/2014\/05\/Logo_SEPANGUY-380x315.jpg 380w, https:\/\/www.reserve-tresor.fr\/wp-content\/uploads\/2014\/05\/Logo_SEPANGUY.jpg 607w\" sizes=\"auto, (max-width: 128px) 100vw, 128px\" \/><\/a><\/td>\n<\/tr>\n<tr>\n<td><a href=\"http:\/\/www.reserves-naturelles.org\/\"><img loading=\"lazy\" decoding=\"async\" class=\"aligncenter wp-image-255 \" src=\"http:\/\/www.reserve-tresor.fr\/wp-content\/uploads\/2014\/05\/Logo_RNF-200x201.jpg\" alt=\"RNF\" width=\"156\" height=\"157\" srcset=\"https:\/\/www.reserve-tresor.fr\/wp-content\/uploads\/2014\/05\/Logo_RNF-200x201.jpg 200w, https:\/\/www.reserve-tresor.fr\/wp-content\/uploads\/2014\/05\/Logo_RNF-150x150.jpg 150w, https:\/\/www.reserve-tresor.fr\/wp-content\/uploads\/2014\/05\/Logo_RNF-297x300.jpg 297w, https:\/\/www.reserve-tresor.fr\/wp-content\/uploads\/2014\/05\/Logo_RNF-380x383.jpg 380w, https:\/\/www.reserve-tresor.fr\/wp-content\/uploads\/2014\/05\/Logo_RNF.jpg 440w\" sizes=\"auto, (max-width: 156px) 100vw, 156px\" \/><\/a><\/td>\n<td><a href=\"http:\/\/www.tourisme-guyane.com\/\"><img loading=\"lazy\" decoding=\"async\" class=\"aligncenter wp-image-257 \" src=\"http:\/\/www.reserve-tresor.fr\/wp-content\/uploads\/2014\/05\/logoComit\u00e9Tourisme-200x137.jpg\" alt=\"Comit\u00e9 du tourisme guyanais\" width=\"147\" height=\"101\" srcset=\"https:\/\/www.reserve-tresor.fr\/wp-content\/uploads\/2014\/05\/logoComit\u00e9Tourisme-200x137.jpg 200w, https:\/\/www.reserve-tresor.fr\/wp-content\/uploads\/2014\/05\/logoComit\u00e9Tourisme-300x206.jpg 300w, https:\/\/www.reserve-tresor.fr\/wp-content\/uploads\/2014\/05\/logoComit\u00e9Tourisme-1024x703.jpg 1024w, https:\/\/www.reserve-tresor.fr\/wp-content\/uploads\/2014\/05\/logoComit\u00e9Tourisme-649x446.jpg 649w, https:\/\/www.reserve-tresor.fr\/wp-content\/uploads\/2014\/05\/logoComit\u00e9Tourisme-380x261.jpg 380w\" sizes=\"auto, (max-width: 147px) 100vw, 147px\" \/><\/a><\/td>\n<\/tr>\n<tr>\n<td><a href=\"http:\/\/pnrguyane.free.fr\/\"><img loading=\"lazy\" decoding=\"async\" class=\"aligncenter wp-image-254 \" src=\"http:\/\/www.reserve-tresor.fr\/wp-content\/uploads\/2014\/05\/logo_PNRG-200x266.jpg\" alt=\"PNRG\" width=\"133\" height=\"176\" srcset=\"https:\/\/www.reserve-tresor.fr\/wp-content\/uploads\/2014\/05\/logo_PNRG-200x266.jpg 200w, https:\/\/www.reserve-tresor.fr\/wp-content\/uploads\/2014\/05\/logo_PNRG-225x300.jpg 225w, https:\/\/www.reserve-tresor.fr\/wp-content\/uploads\/2014\/05\/logo_PNRG.jpg 354w\" sizes=\"auto, (max-width: 133px) 100vw, 133px\" \/><\/a><\/td>\n<td><a href=\"http:\/\/www.fondation-nicolas-hulot.org\/\"><img loading=\"lazy\" decoding=\"async\" class=\"aligncenter wp-image-253 \" src=\"http:\/\/www.reserve-tresor.fr\/wp-content\/uploads\/2014\/05\/LOGO_FNH_OK-640x547-200x170.jpg\" alt=\"FNH\" width=\"144\" height=\"122\" srcset=\"https:\/\/www.reserve-tresor.fr\/wp-content\/uploads\/2014\/05\/LOGO_FNH_OK-640x547-200x170.jpg 200w, https:\/\/www.reserve-tresor.fr\/wp-content\/uploads\/2014\/05\/LOGO_FNH_OK-640x547-300x256.jpg 300w, https:\/\/www.reserve-tresor.fr\/wp-content\/uploads\/2014\/05\/LOGO_FNH_OK-640x547-380x324.jpg 380w, https:\/\/www.reserve-tresor.fr\/wp-content\/uploads\/2014\/05\/LOGO_FNH_OK-640x547.jpg 640w\" sizes=\"auto, (max-width: 144px) 100vw, 144px\" \/><\/a><\/td>\n<\/tr>\n<tr>\n<td><a href=\"http:\/\/www.fondation-natureetdecouvertes.com\/\"><img loading=\"lazy\" decoding=\"async\" class=\"aligncenter wp-image-252 size-article_mini\" src=\"http:\/\/www.reserve-tresor.fr\/wp-content\/uploads\/2014\/05\/FND-200x109.jpg\" alt=\"FND\" width=\"200\" height=\"109\" srcset=\"https:\/\/www.reserve-tresor.fr\/wp-content\/uploads\/2014\/05\/FND-200x109.jpg 200w, https:\/\/www.reserve-tresor.fr\/wp-content\/uploads\/2014\/05\/FND-300x163.jpg 300w, https:\/\/www.reserve-tresor.fr\/wp-content\/uploads\/2014\/05\/FND-1024x558.jpg 1024w, https:\/\/www.reserve-tresor.fr\/wp-content\/uploads\/2014\/05\/FND-649x353.jpg 649w, https:\/\/www.reserve-tresor.fr\/wp-content\/uploads\/2014\/05\/FND-380x207.jpg 380w, https:\/\/www.reserve-tresor.fr\/wp-content\/uploads\/2014\/05\/FND.jpg 1040w\" sizes=\"auto, (max-width: 200px) 100vw, 200px\" \/><\/a><\/td>\n<td>\u00a0<a href=\"http:\/\/guyane.wwf.fr\/\"><img loading=\"lazy\" decoding=\"async\" class=\"aligncenter wp-image-260\" src=\"http:\/\/www.reserve-tresor.fr\/wp-content\/uploads\/2014\/05\/WWF-logo-200x198.jpg\" alt=\"WWF\" width=\"126\" height=\"125\" srcset=\"https:\/\/www.reserve-tresor.fr\/wp-content\/uploads\/2014\/05\/WWF-logo-200x198.jpg 200w, https:\/\/www.reserve-tresor.fr\/wp-content\/uploads\/2014\/05\/WWF-logo-150x150.jpg 150w, https:\/\/www.reserve-tresor.fr\/wp-content\/uploads\/2014\/05\/WWF-logo-300x298.jpg 300w, https:\/\/www.reserve-tresor.fr\/wp-content\/uploads\/2014\/05\/WWF-logo-1024x1018.jpg 1024w, https:\/\/www.reserve-tresor.fr\/wp-content\/uploads\/2014\/05\/WWF-logo-649x645.jpg 649w, https:\/\/www.reserve-tresor.fr\/wp-content\/uploads\/2014\/05\/WWF-logo-380x377.jpg 380w, https:\/\/www.reserve-tresor.fr\/wp-content\/uploads\/2014\/05\/WWF-logo.jpg 1032w\" sizes=\"auto, (max-width: 126px) 100vw, 126px\" \/><\/a><\/td>\n<\/tr>\n<tr>\n<td><a href=\"http:\/\/cen-guyane.fr\/\"><img loading=\"lazy\" decoding=\"async\" class=\"size-article_mini wp-image-269 aligncenter\" src=\"http:\/\/www.reserve-tresor.fr\/wp-content\/uploads\/2014\/05\/Logo-Pr\u00e9figuration-Cen-Guyane-200x78.jpg\" alt=\"Logo Pr\u00e9figuration Cen Guyane\" width=\"200\" height=\"78\" srcset=\"https:\/\/www.reserve-tresor.fr\/wp-content\/uploads\/2014\/05\/Logo-Pr\u00e9figuration-Cen-Guyane-200x78.jpg 200w, https:\/\/www.reserve-tresor.fr\/wp-content\/uploads\/2014\/05\/Logo-Pr\u00e9figuration-Cen-Guyane-300x117.jpg 300w, https:\/\/www.reserve-tresor.fr\/wp-content\/uploads\/2014\/05\/Logo-Pr\u00e9figuration-Cen-Guyane-649x254.jpg 649w, https:\/\/www.reserve-tresor.fr\/wp-content\/uploads\/2014\/05\/Logo-Pr\u00e9figuration-Cen-Guyane-380x149.jpg 380w, https:\/\/www.reserve-tresor.fr\/wp-content\/uploads\/2014\/05\/Logo-Pr\u00e9figuration-Cen-Guyane.jpg 650w\" sizes=\"auto, (max-width: 200px) 100vw, 200px\" \/><\/a><\/td>\n<td><\/td>\n<\/tr>\n<\/tbody>\n<\/table>\n<p>&nbsp;<\/p>\n","protected":false},"excerpt":{"rendered":"<p>Primaire partners &nbsp; La R\u00e9gion Guyane La R\u00e9gion Guyane (de Guyana Regio, of\u00a0Conseil R\u00e9gional) is de leidinggevende autoriteit van het regionale natuurreservaat Tr\u00e9sor. Zo zit La R\u00e9gion de Managementcommissie voor. La R\u00e9gion financiert het grootste deel van het reservaat, namelijk meer dan tachtig procent. De organisatie investeert erg veel in Tr\u00e9sor, omdat ze Tr\u00e9sor als[\u2026]<\/p>\n","protected":false},"author":2,"featured_media":0,"parent":982,"menu_order":0,"comment_status":"open","ping_status":"closed","template":"","meta":{"_acf_changed":false,"footnotes":""},"class_list":["post-984","page","type-page","status-publish","hentry"],"acf":[],"_links":{"self":[{"href":"https:\/\/www.reserve-tresor.fr\/nl\/wp-json\/wp\/v2\/pages\/984","targetHints":{"allow":["GET"]}}],"collection":[{"href":"https:\/\/www.reserve-tresor.fr\/nl\/wp-json\/wp\/v2\/pages"}],"about":[{"href":"https:\/\/www.reserve-tresor.fr\/nl\/wp-json\/wp\/v2\/types\/page"}],"author":[{"embeddable":true,"href":"https:\/\/www.reserve-tresor.fr\/nl\/wp-json\/wp\/v2\/users\/2"}],"replies":[{"embeddable":true,"href":"https:\/\/www.reserve-tresor.fr\/nl\/wp-json\/wp\/v2\/comments?post=984"}],"version-history":[{"count":0,"href":"https:\/\/www.reserve-tresor.fr\/nl\/wp-json\/wp\/v2\/pages\/984\/revisions"}],"up":[{"embeddable":true,"href":"https:\/\/www.reserve-tresor.fr\/nl\/wp-json\/wp\/v2\/pages\/982"}],"wp:attachment":[{"href":"https:\/\/www.reserve-tresor.fr\/nl\/wp-json\/wp\/v2\/media?parent=984"}],"curies":[{"name":"wp","href":"https:\/\/api.w.org\/{rel}","templated":true}]}}