{"id":985,"date":"2016-05-10T11:05:14","date_gmt":"2016-05-10T14:05:14","guid":{"rendered":"http:\/\/www.reserve-tresor.fr\/nl\/?page_id=985"},"modified":"2018-03-04T17:22:57","modified_gmt":"2018-03-04T20:22:57","slug":"introductie","status":"publish","type":"page","link":"https:\/\/www.reserve-tresor.fr\/nl\/het-reservaat\/introductie\/","title":{"rendered":"Introductie"},"content":{"rendered":"<p>Ongeveer 50 kilometer ten zuiden van Cayenne ligt bijna 2500 hectare aan beschermd gebied. Dat gebied is het natuurreservaat Tr\u00e9sor. Het ligt op de zuidwesterlijke zijde van het Kawgebergte, ingesloten tussen een provinciale weg en de Orapu rivier.<\/p>\n<p style=\"text-align: justify;\"><span style=\"font-size: 30px; line-height: 36px;\"><b>Locatie en geografie<\/b><\/span><\/p>\n<p>Het Kawgebergte torent uit boven de uitgestrekte moerasvlakten. Het is tevens het eerste obstakel dat passaatwinden tegenkomen als ze vanaf de oceaan op het continent aankomen. De winden bevatten waterdamp van de oceaan en accumuleren bij het gebergte, wat neerslag veroorzaakt. Deze specifieke topografische omstandigheden maken dat Tr\u00e9sor tot de natste gebieden van Frans-Guyana behoort. De gemiddelde jaarlijkse neerslag bedraagt er meer dan vier meter.<\/p>\n<p>Tijdens ijstijden speelde dit gebied een belangrijke rol in het overleven van talloze soorten. Het klimaat in het hoogland van de Guyana\u2019s was destijds vele malen droger en het oppervlakte bos was gereduceerd tot een minimum. Veel soorten zochten hun heil in de regio van het Kawgebergte. Deze rol van het gebied heeft er waarschijnlijk aan bijgedragen dat er nu een enorm hoge biodiversiteit (inclusief veel endemische soorten) wordt gehuisvest.<\/p>\n<p style=\"text-align: justify;\"><a href=\"http:\/\/www.reserve-tresor.fr\/wp-content\/uploads\/2014\/05\/Montagne-de-Kaw-RNR-Tresor1.jpg\"><img loading=\"lazy\" decoding=\"async\" class=\"aligncenter size-article_large wp-image-172\" src=\"http:\/\/www.reserve-tresor.fr\/wp-content\/uploads\/2014\/05\/Montagne-de-Kaw-RNR-Tresor1-649x269.jpg\" alt=\"Montagne de Kaw \u00a9 RNR Tr\u00e9sor\" width=\"649\" height=\"269\" srcset=\"https:\/\/www.reserve-tresor.fr\/wp-content\/uploads\/2014\/05\/Montagne-de-Kaw-RNR-Tresor1-649x269.jpg 649w, https:\/\/www.reserve-tresor.fr\/wp-content\/uploads\/2014\/05\/Montagne-de-Kaw-RNR-Tresor1-300x124.jpg 300w, https:\/\/www.reserve-tresor.fr\/wp-content\/uploads\/2014\/05\/Montagne-de-Kaw-RNR-Tresor1-1024x425.jpg 1024w, https:\/\/www.reserve-tresor.fr\/wp-content\/uploads\/2014\/05\/Montagne-de-Kaw-RNR-Tresor1-200x83.jpg 200w, https:\/\/www.reserve-tresor.fr\/wp-content\/uploads\/2014\/05\/Montagne-de-Kaw-RNR-Tresor1-380x158.jpg 380w\" sizes=\"auto, (max-width: 649px) 100vw, 649px\" \/><\/a><\/p>\n<h1 style=\"text-align: justify;\"><\/h1>\n<h1 style=\"text-align: justify;\">Klein maar fijn<\/h1>\n<p>Het Tr\u00e9sorreservaat is een relatief reservaat in Frans-Guyana. Het nabijgelegen moerassige reservaat Kaw-Roura telt bijvoorbeeld ruim 90.000 hectare. Desondanks huisvest Tr\u00e9sor een buitengewoon grote hoeveelheid soorten. De combinatie van fysische (reli\u00ebf), edafische (bodemtype) en hydrologische (neerslag) factoren hebben het Tr\u00e9sorreservaat tot een moza\u00efek gemaakt van verschillende ecosystemen. Het bevat moerasbos op berghellingen, laaglandbos met daartussen natte savannes en ge\u00efsoleerde eilanden en moerasbossen aan de rivier Orapu.<\/p>\n<p>Elk van deze ecosystemen bevat zijn eigen karakteristieke soorten, welke bijdragen aan de algemene rijkdom van het Tr\u00e9sorreservaat.<\/p>\n<div id=\"attachment_173\" style=\"width: 659px\" class=\"wp-caption aligncenter\"><a href=\"http:\/\/www.reserve-tresor.fr\/wp-content\/uploads\/2014\/05\/Carte-des-unites-ecologiques-RNR-Tresor1.jpg\"><img loading=\"lazy\" decoding=\"async\" aria-describedby=\"caption-attachment-173\" class=\"size-article_large wp-image-173\" src=\"http:\/\/www.reserve-tresor.fr\/wp-content\/uploads\/2014\/05\/Carte-des-unites-ecologiques-RNR-Tresor1-649x458.jpg\" alt=\"Carte des unit\u00e9s \u00e9cologiques \u00a9 RNR Tr\u00e9sor\" width=\"649\" height=\"458\" srcset=\"https:\/\/www.reserve-tresor.fr\/wp-content\/uploads\/2014\/05\/Carte-des-unites-ecologiques-RNR-Tresor1-649x458.jpg 649w, https:\/\/www.reserve-tresor.fr\/wp-content\/uploads\/2014\/05\/Carte-des-unites-ecologiques-RNR-Tresor1-300x212.jpg 300w, https:\/\/www.reserve-tresor.fr\/wp-content\/uploads\/2014\/05\/Carte-des-unites-ecologiques-RNR-Tresor1-1024x723.jpg 1024w, https:\/\/www.reserve-tresor.fr\/wp-content\/uploads\/2014\/05\/Carte-des-unites-ecologiques-RNR-Tresor1-200x141.jpg 200w, https:\/\/www.reserve-tresor.fr\/wp-content\/uploads\/2014\/05\/Carte-des-unites-ecologiques-RNR-Tresor1-380x268.jpg 380w, https:\/\/www.reserve-tresor.fr\/wp-content\/uploads\/2014\/05\/Carte-des-unites-ecologiques-RNR-Tresor1.jpg 1754w\" sizes=\"auto, (max-width: 649px) 100vw, 649px\" \/><\/a><\/p>\n<p id=\"caption-attachment-173\" class=\"wp-caption-text\">Kaart met de verschillende ecosystemen in het reservaat \u00a9 RNR Tr\u00e9sor<\/p>\n<\/div>\n<h1 style=\"text-align: justify;\"><\/h1>\n<h1 style=\"text-align: justify;\">Ecosystemen<\/h1>\n<h2 style=\"text-align: justify;\">Hooglandbos op gedraineerde bodem<\/h2>\n<div id=\"attachment_202\" style=\"width: 210px\" class=\"wp-caption alignright\"><a href=\"http:\/\/www.reserve-tresor.fr\/wp-content\/uploads\/2014\/05\/For\u00eat-Tr\u00e9sor-G-Feuillet-.jpg\"><img loading=\"lazy\" decoding=\"async\" aria-describedby=\"caption-attachment-202\" class=\"size-article_mini wp-image-202\" src=\"http:\/\/www.reserve-tresor.fr\/wp-content\/uploads\/2014\/05\/For\u00eat-Tr\u00e9sor-G-Feuillet--200x266.jpg\" alt=\"Sous-bois forestier\" width=\"200\" height=\"266\" srcset=\"https:\/\/www.reserve-tresor.fr\/wp-content\/uploads\/2014\/05\/For\u00eat-Tr\u00e9sor-G-Feuillet--200x266.jpg 200w, https:\/\/www.reserve-tresor.fr\/wp-content\/uploads\/2014\/05\/For\u00eat-Tr\u00e9sor-G-Feuillet--225x300.jpg 225w, https:\/\/www.reserve-tresor.fr\/wp-content\/uploads\/2014\/05\/For\u00eat-Tr\u00e9sor-G-Feuillet--380x506.jpg 380w, https:\/\/www.reserve-tresor.fr\/wp-content\/uploads\/2014\/05\/For\u00eat-Tr\u00e9sor-G-Feuillet-.jpg 497w\" sizes=\"auto, (max-width: 200px) 100vw, 200px\" \/><\/a><\/p>\n<p id=\"caption-attachment-202\" class=\"wp-caption-text\">Het bos<\/p>\n<\/div>\n<p>Dit type bos is het rijkst aan dieren- en plantensoorten. Bovendien bedekt dit type bos het grootste deel van Tr\u00e9sor, met name op de bergrug en het vlakke deel aan de voet van de berg. De kronen van de bomen staan gemiddeld op een hoogte van dertig meter, af en toe verrijkt met een woudreus van vijftig meter hoog. Onder het bladerdek vindt men her en der lateritische rotsstructuren (rijk in ijzer en aluminium) die kliffen en grotten kunnen vormen. In de ravijnen onderaan de berg ontstaan geleidelijk grotten. Deze grotten spreiden zich langzaam uit richten de lagere delen van het reservaat.<\/p>\n<p style=\"text-align: justify;\"><span style=\"font-size: 24px; line-height: 36px;\"><b>Moerasbos<\/b><\/span><\/p>\n<p>De moerasbossen liggen voornamelijk geconcentreerd in een brede strook langs de Orapu. De vegetatiesamenstelling van de moerasbossen wordt sterk bepaald door regelmatige periodes van overstroming, als gevolg van getijdewisselingen en hevige regens. De meeste plantensoorten die er voorkomen, hebben speciale strategie\u00ebn om te overleven in een bodem die volledig onder water staat. Moerasbossen huisvesten enkele emblematische soorten, zoals een endemische mahotboom van Noordoost-Guyana, <em>Lecythis pneumatophora<\/em>, en de zeldzame logoplant van Tr\u00e9sor, <em>Anaphyllopsis americana<\/em>.<\/p>\n<div id=\"attachment_174\" style=\"width: 659px\" class=\"wp-caption aligncenter\"><a href=\"http:\/\/www.reserve-tresor.fr\/wp-content\/uploads\/2014\/05\/Riviere-Orapu-limite-inferieure-de-la-reserve-RNR-Tresor1.jpg\"><img loading=\"lazy\" decoding=\"async\" aria-describedby=\"caption-attachment-174\" class=\"size-article_large wp-image-174\" src=\"http:\/\/www.reserve-tresor.fr\/wp-content\/uploads\/2014\/05\/Riviere-Orapu-limite-inferieure-de-la-reserve-RNR-Tresor1-649x486.jpg\" alt=\"Rivi\u00e8re Orapu, limite inf\u00e9rieure de la r\u00e9serve \u00a9 RNR Tr\u00e9sor\" width=\"649\" height=\"486\" srcset=\"https:\/\/www.reserve-tresor.fr\/wp-content\/uploads\/2014\/05\/Riviere-Orapu-limite-inferieure-de-la-reserve-RNR-Tresor1-649x486.jpg 649w, https:\/\/www.reserve-tresor.fr\/wp-content\/uploads\/2014\/05\/Riviere-Orapu-limite-inferieure-de-la-reserve-RNR-Tresor1-300x225.jpg 300w, https:\/\/www.reserve-tresor.fr\/wp-content\/uploads\/2014\/05\/Riviere-Orapu-limite-inferieure-de-la-reserve-RNR-Tresor1-1024x768.jpg 1024w, https:\/\/www.reserve-tresor.fr\/wp-content\/uploads\/2014\/05\/Riviere-Orapu-limite-inferieure-de-la-reserve-RNR-Tresor1-200x150.jpg 200w, https:\/\/www.reserve-tresor.fr\/wp-content\/uploads\/2014\/05\/Riviere-Orapu-limite-inferieure-de-la-reserve-RNR-Tresor1-380x285.jpg 380w\" sizes=\"auto, (max-width: 649px) 100vw, 649px\" \/><\/a><\/p>\n<p id=\"caption-attachment-174\" class=\"wp-caption-text\">Rivier\u00a0Orapu, de zuidelijke grens van het reservaat\u00a0\u00a9 RNR Tr\u00e9sor<\/p>\n<\/div>\n<h2 style=\"text-align: justify;\"><\/h2>\n<h2 style=\"text-align: justify;\">Natte savannes<\/h2>\n<p>Iets wat Tr\u00e9sors waarde aanzienlijk vergroot, is de aanwezigheid van savannes. Ze contrasteren scherp met het omliggende bos, vanwege hun openheid. De vegetatie bestaat namelijk vooral uit kruidachtige soorten, in tegenstelling tot het bos met veel houtige en hoge planten. Vanwege hun schaarste wordt er extra aandacht besteed aan natte savannes en hun biodiversiteit.<\/p>\n<p>Natte savannes zijn zeldzame en erg bedreigde ecosystemen in Frans-Guyana. De savannes alleen herbergen al ongeveer twintig procent van de beschermde plantensoorten in Tr\u00e9sor, terwijl ze maar twee procent van de oppervlakte bedekken. De savannes van Tr\u00e9sor staan bekend om hun goede conservatiestatus en groeiende belang, aangezien alle andere savannes in de regio niet worden beschermd tegen de extreme menselijke druk.<\/p>\n<p>Ze lijken op het eerste gezicht niet erg interessant, maar naast een rijke flora, is er ook een rijke fauna te vinden \u2013 grotendeels ge\u00efsoleerd door het omliggende bos. Voorbeelden van die fauna zijn onder de reptielen: de grasanolis (<em>Anolis auratus<\/em>) en de kolenbranderschildpad (<em>Chelonoidis carbonarius<\/em>); onder de amfibie\u00ebn: boomkikkers als <em>Hypsiboas multifasciatus <\/em>en<em> Scinax nebulosus<\/em>. Daarnaast zijn de savannes voorzien van de opmerkelijke aanwezigheid van de zwarte manakin (<em>Xenopipo atronitens<\/em>). Tr\u00e9sor is namelijk het enige gebied in Frans-Guyana waar deze soort is waargenomen. Voor planten geldt dat men er voornamelijk kleine soorten aantreft als zonnedauw (<em>Drosera<\/em>) en blaasjeskruid (<em>Utricularia<\/em>). Deze geslachten zijn goed vertegenwoordigd in de savannes.<\/p>\n<div id=\"attachment_175\" style=\"width: 659px\" class=\"wp-caption aligncenter\"><a href=\"http:\/\/www.reserve-tresor.fr\/wp-content\/uploads\/2014\/05\/Savane-Tresor-RNR-Tresor1.jpg\"><img loading=\"lazy\" decoding=\"async\" aria-describedby=\"caption-attachment-175\" class=\"size-article_large wp-image-175\" src=\"http:\/\/www.reserve-tresor.fr\/wp-content\/uploads\/2014\/05\/Savane-Tresor-RNR-Tresor1-649x365.jpg\" alt=\"Savane Tr\u00e9sor \u00a9 RNR Tr\u00e9sor\" width=\"649\" height=\"365\" srcset=\"https:\/\/www.reserve-tresor.fr\/wp-content\/uploads\/2014\/05\/Savane-Tresor-RNR-Tresor1-649x365.jpg 649w, https:\/\/www.reserve-tresor.fr\/wp-content\/uploads\/2014\/05\/Savane-Tresor-RNR-Tresor1-300x168.jpg 300w, https:\/\/www.reserve-tresor.fr\/wp-content\/uploads\/2014\/05\/Savane-Tresor-RNR-Tresor1-1024x576.jpg 1024w, https:\/\/www.reserve-tresor.fr\/wp-content\/uploads\/2014\/05\/Savane-Tresor-RNR-Tresor1-200x112.jpg 200w, https:\/\/www.reserve-tresor.fr\/wp-content\/uploads\/2014\/05\/Savane-Tresor-RNR-Tresor1-380x213.jpg 380w\" sizes=\"auto, (max-width: 649px) 100vw, 649px\" \/><\/a><\/p>\n<p id=\"caption-attachment-175\" class=\"wp-caption-text\">De grote savanne in Tr\u00e9sor \u00a9 RNR Tr\u00e9sor<\/p>\n<\/div>\n<h2 style=\"text-align: justify;\"><\/h2>\n<h2 style=\"text-align: justify;\">Ge\u00efsoleerde heuveltoppen<\/h2>\n<p>Kleine heuveltoppen liggen verspreid in de lage delen van het reservaat en worden ge\u00efsoleerd door omliggende moerassen en savannes. De vegetatiesamenstelling op deze heuvels lijkt vaak op die van de hooglandbossen van het Kawgebergte en er leven dus vaak dezelfde zeldzame soorten. Dit is het geval voor enkele kwalisoorten (zoals <em>Vochysia neyrati<\/em>) en palmen (<em>Astrocaryum rodreguiseii<\/em>).<\/p>\n<p>Uitgravingen in vergelijkbare gebieden suggereren dat deze bergen werden bewoond door Amerindiaanse populaties. Later zijn er ook tekenen gevonden van koloniale huizen, inclusief aanwijzingen voor handel in palissander, cacao, koffie en orleaan.<\/p>\n","protected":false},"excerpt":{"rendered":"<p>Ongeveer 50 kilometer ten zuiden van Cayenne ligt bijna 2500 hectare aan beschermd gebied. Dat gebied is het natuurreservaat Tr\u00e9sor. Het ligt op de zuidwesterlijke zijde van het Kawgebergte, ingesloten tussen een provinciale weg en de Orapu rivier. Locatie en geografie Het Kawgebergte torent uit boven de uitgestrekte moerasvlakten. Het is tevens het eerste obstakel[\u2026]<\/p>\n","protected":false},"author":2,"featured_media":0,"parent":982,"menu_order":0,"comment_status":"open","ping_status":"closed","template":"","meta":{"_acf_changed":false,"footnotes":""},"class_list":["post-985","page","type-page","status-publish","hentry"],"acf":[],"_links":{"self":[{"href":"https:\/\/www.reserve-tresor.fr\/nl\/wp-json\/wp\/v2\/pages\/985","targetHints":{"allow":["GET"]}}],"collection":[{"href":"https:\/\/www.reserve-tresor.fr\/nl\/wp-json\/wp\/v2\/pages"}],"about":[{"href":"https:\/\/www.reserve-tresor.fr\/nl\/wp-json\/wp\/v2\/types\/page"}],"author":[{"embeddable":true,"href":"https:\/\/www.reserve-tresor.fr\/nl\/wp-json\/wp\/v2\/users\/2"}],"replies":[{"embeddable":true,"href":"https:\/\/www.reserve-tresor.fr\/nl\/wp-json\/wp\/v2\/comments?post=985"}],"version-history":[{"count":0,"href":"https:\/\/www.reserve-tresor.fr\/nl\/wp-json\/wp\/v2\/pages\/985\/revisions"}],"up":[{"embeddable":true,"href":"https:\/\/www.reserve-tresor.fr\/nl\/wp-json\/wp\/v2\/pages\/982"}],"wp:attachment":[{"href":"https:\/\/www.reserve-tresor.fr\/nl\/wp-json\/wp\/v2\/media?parent=985"}],"curies":[{"name":"wp","href":"https:\/\/api.w.org\/{rel}","templated":true}]}}