{"id":987,"date":"2016-05-10T11:23:24","date_gmt":"2016-05-10T14:23:24","guid":{"rendered":"http:\/\/www.reserve-tresor.fr\/nl\/?page_id=987"},"modified":"2018-03-04T17:22:57","modified_gmt":"2018-03-04T20:22:57","slug":"wat-is-een-reservaat","status":"publish","type":"page","link":"https:\/\/www.reserve-tresor.fr\/nl\/het-reservaat\/wat-is-een-reservaat\/","title":{"rendered":"Wat is een reservaat?"},"content":{"rendered":"<p>Als een natuurgebied een rijke flora en fauna huisvest, veel verschillende habitats van hoge kwaliteit bevat en wanneer het afgezonderd is van menselijke verstoring, dan komt het gebied mogelijk in aanmerking voor een beschermde status. De benoeming tot \u2018natuurreservaat\u2019 is een van de vele maatregelen voor bescherming van natuurgebieden.<\/p>\n<div id=\"attachment_226\" style=\"width: 659px\" class=\"wp-caption aligncenter\"><a href=\"http:\/\/www.reserve-tresor.fr\/wp-content\/uploads\/2014\/05\/logo_tresor_vert_mono.jpg\"><img loading=\"lazy\" decoding=\"async\" aria-describedby=\"caption-attachment-226\" class=\"size-article_large wp-image-226\" src=\"http:\/\/www.reserve-tresor.fr\/wp-content\/uploads\/2014\/05\/logo_tresor_vert_mono-649x319.jpg\" alt=\"Logo de la R\u00e9serve Naturelle R\u00e9gionale Tr\u00e9sor\" width=\"649\" height=\"319\" srcset=\"https:\/\/www.reserve-tresor.fr\/wp-content\/uploads\/2014\/05\/logo_tresor_vert_mono-649x319.jpg 649w, https:\/\/www.reserve-tresor.fr\/wp-content\/uploads\/2014\/05\/logo_tresor_vert_mono-300x147.jpg 300w, https:\/\/www.reserve-tresor.fr\/wp-content\/uploads\/2014\/05\/logo_tresor_vert_mono-1024x503.jpg 1024w, https:\/\/www.reserve-tresor.fr\/wp-content\/uploads\/2014\/05\/logo_tresor_vert_mono-200x98.jpg 200w, https:\/\/www.reserve-tresor.fr\/wp-content\/uploads\/2014\/05\/logo_tresor_vert_mono-380x186.jpg 380w\" sizes=\"auto, (max-width: 649px) 100vw, 649px\" \/><\/a><\/p>\n<p id=\"caption-attachment-226\" class=\"wp-caption-text\">Logo van het\u00a0Tr\u00e9sorreservaat<\/p>\n<\/div>\n<p>Artikelen in de Franse milieuwet funderen deze beschermde status. Of het nu een nationaal natuurreservaat is (als gevolg van een ministerieel besluit) of een regionaal besluit (als gevolg van een besluit van het CTG), de regeling verzekert de preservatie van alle gebieden in kwestie. Preservatie van natuur kan op veel verschillende manieren gerealiseerd worden. Het is natuurlijk essentieel om regels en waarschuwingen op te stellen die het doel van preservatie moeten dienen (zie <a href=\"http:\/\/www.reserve-tresor.fr\/nl\/het-reservaat\/regelgeving\/\" target=\"_blank\">regelgeving<\/a>). Managers van natuurreservaten moeten een managementplan opstellen waarin zij alle te treffen maatregelen uiteenzetten die moeten leiden tot behoud en herstel van de natuur.<\/p>\n<p>Voor meer informatie (in het Frans): <a href=\"http:\/\/www.reserves-naturelles.org\/\">http:\/\/www.reserves-naturelles.org\/<\/a><\/p>\n<p>Uitlegvideo (in het Frans):<br \/>\n<iframe loading=\"lazy\" width=\"560\" height=\"315\" frameborder=\"0\" src=\"\/\/www.youtube.com\/embed\/BqWjCckJlNk?rel=0\"><\/iframe><\/p>\n<p>&nbsp;<\/p>\n<h1>Het belang van het netwerk van reservaten in Frans-Guyana<\/h1>\n<p>Negentig procent van Frans-Guyana, ongeveer 84.000 km<sup>2<\/sup>, is bedekt met bos. Het is een van de laatste en grootste gebieden primair bos ter wereld. Bovendien is het Guyanese regenwoud voorzien van erg dynamische en complexe habitats, waaronder enkele van de rijkste en meest kwetsbare soort (mangroves, savannes, moerassen, overstroomd bos, inselbergen, tafelbergen, etc).<br \/>\nIn Frans-Guyana zijn er 7 natuurreservaten, namelijk\u00a06 nationale en 1 regionale. Zij vertegenwoordigen:<\/p>\n<ul>\n<li>295.000 hectares (3,4% van Frans-Guyana).<\/li>\n<li>52% van het totaaloppervlak van Franse natuurgebieden.<\/li>\n<\/ul>\n<p>Er zijn 16 Franse overzeese natuurreservaten. Dat is 6% van het totaal aantal reservaten in Frankrijk, maar de overzeese reservaten zijn in totaal goed voor een oppervlakte van 91% van alle reservaten. Deze verantwoordelijkheid is des te belangrijker, omdat extinctiesnelheden overzee drie keer zo hoog worden geschat als in metropolisch Frankrijk zelf. Enkel door het grote aantal tropische soorten is Frankrijk het vierde land in de wereld met de meeste bedreigde diersoorten en negende wat betreft de plantensoorten.<\/p>\n","protected":false},"excerpt":{"rendered":"<p>Als een natuurgebied een rijke flora en fauna huisvest, veel verschillende habitats van hoge kwaliteit bevat en wanneer het afgezonderd is van menselijke verstoring, dan komt het gebied mogelijk in aanmerking voor een beschermde status. De benoeming tot \u2018natuurreservaat\u2019 is een van de vele maatregelen voor bescherming van natuurgebieden. Artikelen in de Franse milieuwet funderen[\u2026]<\/p>\n","protected":false},"author":2,"featured_media":0,"parent":982,"menu_order":0,"comment_status":"open","ping_status":"closed","template":"","meta":{"_acf_changed":false,"footnotes":""},"class_list":["post-987","page","type-page","status-publish","hentry"],"acf":[],"_links":{"self":[{"href":"https:\/\/www.reserve-tresor.fr\/nl\/wp-json\/wp\/v2\/pages\/987","targetHints":{"allow":["GET"]}}],"collection":[{"href":"https:\/\/www.reserve-tresor.fr\/nl\/wp-json\/wp\/v2\/pages"}],"about":[{"href":"https:\/\/www.reserve-tresor.fr\/nl\/wp-json\/wp\/v2\/types\/page"}],"author":[{"embeddable":true,"href":"https:\/\/www.reserve-tresor.fr\/nl\/wp-json\/wp\/v2\/users\/2"}],"replies":[{"embeddable":true,"href":"https:\/\/www.reserve-tresor.fr\/nl\/wp-json\/wp\/v2\/comments?post=987"}],"version-history":[{"count":0,"href":"https:\/\/www.reserve-tresor.fr\/nl\/wp-json\/wp\/v2\/pages\/987\/revisions"}],"up":[{"embeddable":true,"href":"https:\/\/www.reserve-tresor.fr\/nl\/wp-json\/wp\/v2\/pages\/982"}],"wp:attachment":[{"href":"https:\/\/www.reserve-tresor.fr\/nl\/wp-json\/wp\/v2\/media?parent=987"}],"curies":[{"name":"wp","href":"https:\/\/api.w.org\/{rel}","templated":true}]}}